{"id":130,"date":"2025-08-07T13:03:14","date_gmt":"2025-08-07T16:03:14","guid":{"rendered":"https:\/\/dancenamaldivas.com.br\/?page_id=130"},"modified":"2026-04-24T10:42:21","modified_gmt":"2026-04-24T13:42:21","slug":"perguntas-frequentes","status":"publish","type":"page","link":"http:\/\/dancenamaldivas.com.br\/?page_id=130","title":{"rendered":"PERGUNTAS FREQUENTES"},"content":{"rendered":"\n<h2 class=\"wp-block-heading\"><\/h2>\n\n\n\n<details class=\"wp-block-details is-layout-flow wp-block-details-is-layout-flow\"><summary><strong>Eu nunca dancei na vida, ser\u00e1 que consigo fazer as aulas?<\/strong><\/summary>\n<p>Claro que sim! A Maldivas nasceu justamente pra ajudar as pessoas que sempre quiseram dan\u00e7ar, mas nunca souberam por onde come\u00e7ar. Aqui voc\u00ea chega com dois p\u00e9s esquerdos e termina a aula com cada um no seu devido lugar. E divando, claro!<\/p>\n<\/details>\n\n\n\n<div style=\"height:21px\" aria-hidden=\"true\" class=\"wp-block-spacer\"><\/div>\n\n\n\n<details class=\"wp-block-details is-layout-flow wp-block-details-is-layout-flow\"><summary><strong>Posso fazer uma aula experimental?<\/strong><\/summary>\n<p>N\u00f3s n\u00e3o trabalhamos com aulas experimentais porque as nossas turmas s\u00e3o fixas e tamb\u00e9m por acreditarmos que pra voc\u00ea experimentar dan\u00e7a, o ideal \u00e9 ter uma experi\u00eancia com come\u00e7o, meio e fim. Por isso indicamos sempre que experimente um m\u00eas de aula!<\/p>\n<\/details>\n\n\n\n<div style=\"height:21px\" aria-hidden=\"true\" class=\"wp-block-spacer\"><\/div>\n\n\n\n<div class=\"wp-block-group\"><div class=\"wp-block-group__inner-container is-layout-constrained wp-block-group-is-layout-constrained\">\n<details class=\"wp-block-details is-layout-flow wp-block-details-is-layout-flow\"><summary><strong>Aceitam WellHub, Total Pass e afins?<br><\/strong><\/summary>\n<p>N\u00e3o. Por conta do nosso modelo de neg\u00f3cios, n\u00e3o trabalhamos com as plataformas de benef\u00edcios de bem-estar.<\/p>\n<\/details>\n<\/div><\/div>\n\n\n\n<div style=\"height:21px\" aria-hidden=\"true\" class=\"wp-block-spacer\"><\/div>\n\n\n\n<details class=\"wp-block-details is-layout-flow wp-block-details-is-layout-flow\"><summary><strong>Eu me interessei pelo CAMP LAB, a aula regular de coreografia para iniciantes. Como funciona?<\/strong><\/summary>\n<p>As aulas s\u00e3o semanais e cada uma tem 1h de dura\u00e7\u00e3o. A cada 4 semanas n\u00f3s dan\u00e7amos uma coreografia de m\u00fasica pop diferente. <br><br>A mensalidade: \u00e9 R$194,00 e como as turmas s\u00e3o fixas, s\u00f3 \u00e9 poss\u00edvel entrar em uma delas no in\u00edcio de um novo ciclo de coreografia, o que significa que voc\u00ea precisa esperar que as 4 aulas da coreografia em andamento terminem para que voc\u00ea entre na turma.<br><br><a href=\"https:\/\/forms.gle\/uyewo3cWaD23zrXm7\" target=\"_blank\" rel=\"noreferrer noopener\"><strong>Clique aqui para participar do CAMP LAB.<\/strong><\/a><\/p>\n<\/details>\n\n\n\n<div style=\"height:21px\" aria-hidden=\"true\" class=\"wp-block-spacer\"><\/div>\n\n\n\n<details class=\"wp-block-details is-layout-flow wp-block-details-is-layout-flow\"><summary><strong>Tem estacionamento pr\u00f3ximo?<\/strong><\/summary>\n<p>Tem sim: <br>Rua S\u00e3o Carlos do Pinhal, 87<br>(\u00c9 o do hotel Mercure)<br>Das 18h \u00e0s 7h30 &#8211; R$25<\/p>\n\n\n\n<p><\/p>\n<\/details>\n\n\n\n<div style=\"height:21px\" aria-hidden=\"true\" class=\"wp-block-spacer\"><\/div>\n\n\n\n<div style=\"height:21px\" aria-hidden=\"true\" class=\"wp-block-spacer\"><\/div>\n\n\n\n<div style=\"height:21px\" aria-hidden=\"true\" class=\"wp-block-spacer\"><\/div>\n\n\n\n<div style=\"height:21px\" aria-hidden=\"true\" class=\"wp-block-spacer\"><\/div>\n\n\n\n<div style=\"height:21px\" aria-hidden=\"true\" class=\"wp-block-spacer\"><\/div>\n\n\n\n<div style=\"height:21px\" aria-hidden=\"true\" class=\"wp-block-spacer\"><\/div>\n\n\n\n<div style=\"height:89px\" aria-hidden=\"true\" class=\"wp-block-spacer\"><\/div>\n\n\n\n<p><\/p>\n","protected":false},"excerpt":{"rendered":"","protected":false},"author":1,"featured_media":0,"parent":0,"menu_order":0,"comment_status":"closed","ping_status":"closed","template":"","meta":{"footnotes":""},"class_list":["post-130","page","type-page","status-publish","hentry","entry"],"yoast_head":"<!-- This site is optimized with the Yoast SEO plugin v22.8 - https:\/\/yoast.com\/wordpress\/plugins\/seo\/ -->\n<title>PERGUNTAS FREQUENTES - MALDIVAS<\/title>\n<meta name=\"robots\" content=\"index, follow, max-snippet:-1, max-image-preview:large, max-video-preview:-1\" \/>\n<link rel=\"canonical\" href=\"https:\/\/dancenamaldivas.com.br\/?page_id=130\" \/>\n<meta property=\"og:locale\" content=\"en_US\" \/>\n<meta property=\"og:type\" content=\"article\" \/>\n<meta property=\"og:title\" content=\"PERGUNTAS FREQUENTES - MALDIVAS\" \/>\n<meta property=\"og:url\" content=\"https:\/\/dancenamaldivas.com.br\/?page_id=130\" \/>\n<meta property=\"og:site_name\" content=\"MALDIVAS\" \/>\n<meta property=\"article:modified_time\" content=\"2026-04-24T13:42:21+00:00\" \/>\n<meta name=\"twitter:card\" content=\"summary_large_image\" \/>\n<meta name=\"twitter:label1\" content=\"Est. reading time\" \/>\n\t<meta name=\"twitter:data1\" content=\"2 minutes\" \/>\n<script type=\"application\/ld+json\" class=\"yoast-schema-graph\">{\"@context\":\"https:\/\/schema.org\",\"@graph\":[{\"@type\":\"WebPage\",\"@id\":\"https:\/\/dancenamaldivas.com.br\/?page_id=130\",\"url\":\"https:\/\/dancenamaldivas.com.br\/?page_id=130\",\"name\":\"PERGUNTAS FREQUENTES - MALDIVAS\",\"isPartOf\":{\"@id\":\"https:\/\/dancenamaldivas.com.br\/#website\"},\"datePublished\":\"2025-08-07T16:03:14+00:00\",\"dateModified\":\"2026-04-24T13:42:21+00:00\",\"breadcrumb\":{\"@id\":\"https:\/\/dancenamaldivas.com.br\/?page_id=130#breadcrumb\"},\"inLanguage\":\"en-US\",\"potentialAction\":[{\"@type\":\"ReadAction\",\"target\":[\"https:\/\/dancenamaldivas.com.br\/?page_id=130\"]}]},{\"@type\":\"BreadcrumbList\",\"@id\":\"https:\/\/dancenamaldivas.com.br\/?page_id=130#breadcrumb\",\"itemListElement\":[{\"@type\":\"ListItem\",\"position\":1,\"name\":\"Home\",\"item\":\"https:\/\/dancenamaldivas.com.br\/\"},{\"@type\":\"ListItem\",\"position\":2,\"name\":\"PERGUNTAS FREQUENTES\"}]},{\"@type\":\"WebSite\",\"@id\":\"https:\/\/dancenamaldivas.com.br\/#website\",\"url\":\"https:\/\/dancenamaldivas.com.br\/\",\"name\":\"Maldivas Escola de Dan\u00e7a\",\"description\":\"A casa do pop. O lar dos iniciantes.\",\"publisher\":{\"@id\":\"https:\/\/dancenamaldivas.com.br\/#organization\"},\"potentialAction\":[{\"@type\":\"SearchAction\",\"target\":{\"@type\":\"EntryPoint\",\"urlTemplate\":\"https:\/\/dancenamaldivas.com.br\/?s={search_term_string}\"},\"query-input\":\"required name=search_term_string\"}],\"inLanguage\":\"en-US\"},{\"@type\":\"Organization\",\"@id\":\"https:\/\/dancenamaldivas.com.br\/#organization\",\"name\":\"Maldivas\",\"url\":\"https:\/\/dancenamaldivas.com.br\/\",\"logo\":{\"@type\":\"ImageObject\",\"inLanguage\":\"en-US\",\"@id\":\"https:\/\/dancenamaldivas.com.br\/#\/schema\/logo\/image\/\",\"url\":\"http:\/\/dancenamaldivas.com.br\/wp-content\/uploads\/2025\/08\/1.png\",\"contentUrl\":\"http:\/\/dancenamaldivas.com.br\/wp-content\/uploads\/2025\/08\/1.png\",\"width\":1000,\"height\":1000,\"caption\":\"Maldivas\"},\"image\":{\"@id\":\"https:\/\/dancenamaldivas.com.br\/#\/schema\/logo\/image\/\"},\"sameAs\":[\"https:\/\/www.instagram.com\/dancenamaldivas\/\"]}]}<\/script>\n<!-- \/ Yoast SEO plugin. -->","yoast_head_json":{"title":"PERGUNTAS FREQUENTES - MALDIVAS","robots":{"index":"index","follow":"follow","max-snippet":"max-snippet:-1","max-image-preview":"max-image-preview:large","max-video-preview":"max-video-preview:-1"},"canonical":"https:\/\/dancenamaldivas.com.br\/?page_id=130","og_locale":"en_US","og_type":"article","og_title":"PERGUNTAS FREQUENTES - MALDIVAS","og_url":"https:\/\/dancenamaldivas.com.br\/?page_id=130","og_site_name":"MALDIVAS","article_modified_time":"2026-04-24T13:42:21+00:00","twitter_card":"summary_large_image","twitter_misc":{"Est. reading time":"2 minutes"},"schema":{"@context":"https:\/\/schema.org","@graph":[{"@type":"WebPage","@id":"https:\/\/dancenamaldivas.com.br\/?page_id=130","url":"https:\/\/dancenamaldivas.com.br\/?page_id=130","name":"PERGUNTAS FREQUENTES - MALDIVAS","isPartOf":{"@id":"https:\/\/dancenamaldivas.com.br\/#website"},"datePublished":"2025-08-07T16:03:14+00:00","dateModified":"2026-04-24T13:42:21+00:00","breadcrumb":{"@id":"https:\/\/dancenamaldivas.com.br\/?page_id=130#breadcrumb"},"inLanguage":"en-US","potentialAction":[{"@type":"ReadAction","target":["https:\/\/dancenamaldivas.com.br\/?page_id=130"]}]},{"@type":"BreadcrumbList","@id":"https:\/\/dancenamaldivas.com.br\/?page_id=130#breadcrumb","itemListElement":[{"@type":"ListItem","position":1,"name":"Home","item":"https:\/\/dancenamaldivas.com.br\/"},{"@type":"ListItem","position":2,"name":"PERGUNTAS FREQUENTES"}]},{"@type":"WebSite","@id":"https:\/\/dancenamaldivas.com.br\/#website","url":"https:\/\/dancenamaldivas.com.br\/","name":"Maldivas Escola de Dan\u00e7a","description":"A casa do pop. O lar dos iniciantes.","publisher":{"@id":"https:\/\/dancenamaldivas.com.br\/#organization"},"potentialAction":[{"@type":"SearchAction","target":{"@type":"EntryPoint","urlTemplate":"https:\/\/dancenamaldivas.com.br\/?s={search_term_string}"},"query-input":"required name=search_term_string"}],"inLanguage":"en-US"},{"@type":"Organization","@id":"https:\/\/dancenamaldivas.com.br\/#organization","name":"Maldivas","url":"https:\/\/dancenamaldivas.com.br\/","logo":{"@type":"ImageObject","inLanguage":"en-US","@id":"https:\/\/dancenamaldivas.com.br\/#\/schema\/logo\/image\/","url":"http:\/\/dancenamaldivas.com.br\/wp-content\/uploads\/2025\/08\/1.png","contentUrl":"http:\/\/dancenamaldivas.com.br\/wp-content\/uploads\/2025\/08\/1.png","width":1000,"height":1000,"caption":"Maldivas"},"image":{"@id":"https:\/\/dancenamaldivas.com.br\/#\/schema\/logo\/image\/"},"sameAs":["https:\/\/www.instagram.com\/dancenamaldivas\/"]}]}},"_links":{"self":[{"href":"http:\/\/dancenamaldivas.com.br\/index.php?rest_route=\/wp\/v2\/pages\/130","targetHints":{"allow":["GET"]}}],"collection":[{"href":"http:\/\/dancenamaldivas.com.br\/index.php?rest_route=\/wp\/v2\/pages"}],"about":[{"href":"http:\/\/dancenamaldivas.com.br\/index.php?rest_route=\/wp\/v2\/types\/page"}],"author":[{"embeddable":true,"href":"http:\/\/dancenamaldivas.com.br\/index.php?rest_route=\/wp\/v2\/users\/1"}],"replies":[{"embeddable":true,"href":"http:\/\/dancenamaldivas.com.br\/index.php?rest_route=%2Fwp%2Fv2%2Fcomments&post=130"}],"version-history":[{"count":20,"href":"http:\/\/dancenamaldivas.com.br\/index.php?rest_route=\/wp\/v2\/pages\/130\/revisions"}],"predecessor-version":[{"id":463,"href":"http:\/\/dancenamaldivas.com.br\/index.php?rest_route=\/wp\/v2\/pages\/130\/revisions\/463"}],"wp:attachment":[{"href":"http:\/\/dancenamaldivas.com.br\/index.php?rest_route=%2Fwp%2Fv2%2Fmedia&parent=130"}],"curies":[{"name":"wp","href":"https:\/\/api.w.org\/{rel}","templated":true}]}}