{"id":86,"date":"2025-08-07T10:48:45","date_gmt":"2025-08-07T13:48:45","guid":{"rendered":"https:\/\/dancenamaldivas.com.br\/?page_id=86"},"modified":"2026-05-01T08:19:27","modified_gmt":"2026-05-01T11:19:27","slug":"aula-danca-pop","status":"publish","type":"page","link":"http:\/\/dancenamaldivas.com.br\/?page_id=86","title":{"rendered":"AULAS AVULSAS"},"content":{"rendered":"\n<div style=\"height:50px\" aria-hidden=\"true\" class=\"wp-block-spacer\"><\/div>\n\n\n\n<p><strong>AS NOSSAS AULAS AVULSAS ACONTECEM \u00c0S SEXTAS, DAS 19H \u00c0S 20H.<br><\/strong>ELAS T\u00caM 1H DE DURA\u00c7\u00c3O E S\u00c3O ESTRUTURADAS COM COME\u00c7O, MEIO E FIM.<\/p>\n\n\n\n<p>Nela, dan\u00e7amos um trechinho daquela m\u00fasica pop que com certeza faz parte da sua playlist e temos um gostinho do que \u00e9 ser uma diva pop&#8230;<br><br><strong>Mas quanto custa a aula?<\/strong><br><em><strong>R$65 (pix)<\/strong><\/em><\/p>\n\n\n\n<p><strong>E onde fica e como chegar?<\/strong><br>Avenida Brigadeiro Lu\u00eds Ant\u00f4nio, 2050, Conjunto 56 &#8211; 5\u00ba\u00a0andar<br><strong>+-4 minutinhos\u00a0<\/strong>andando da<strong>esta\u00e7\u00e3o Brigadeiro, linha verde do metr\u00f4<\/strong><\/p>\n\n\n\n<h2 class=\"wp-block-heading has-text-align-center\"><strong><br><a href=\"https:\/\/docs.google.com\/forms\/d\/e\/1FAIpQLSfBwaT2UCkR01gb7s985goc7Bp9te0TtKphtVjuckW7GaasgQ\/viewform?usp=header\">INSCREVA-SE AQUI E GARANTA A SUA VAGA!<\/a><\/strong><\/h2>\n\n\n\n<p><\/p>\n\n\n\n<p><strong><a href=\"https:\/\/www.instagram.com\/dancenamaldivas\/\">Acompanhe o nosso dia a dia e todas as novidades l\u00e1 no perfil oficial da Maldivas no Instagram.<\/a><\/strong><br><br><strong><a href=\"http:\/\/dancenamaldivas.com.br\/?page_id=61\">Conhe\u00e7a melhor a hist\u00f3ria da Maldivas aqui.<\/a><\/strong><\/p>\n\n\n<div class=\"wp-block-image\">\n<figure class=\"aligncenter size-large\"><img loading=\"lazy\" decoding=\"async\" width=\"1024\" height=\"256\" src=\"https:\/\/dancenamaldivas.com.br\/wp-content\/uploads\/2026\/05\/TOPO-FORMULARIO-1024x256.png\" alt=\"\" class=\"wp-image-467\" srcset=\"http:\/\/dancenamaldivas.com.br\/wp-content\/uploads\/2026\/05\/TOPO-FORMULARIO-1024x256.png 1024w, http:\/\/dancenamaldivas.com.br\/wp-content\/uploads\/2026\/05\/TOPO-FORMULARIO-300x75.png 300w, http:\/\/dancenamaldivas.com.br\/wp-content\/uploads\/2026\/05\/TOPO-FORMULARIO-768x192.png 768w, http:\/\/dancenamaldivas.com.br\/wp-content\/uploads\/2026\/05\/TOPO-FORMULARIO-1536x384.png 1536w, http:\/\/dancenamaldivas.com.br\/wp-content\/uploads\/2026\/05\/TOPO-FORMULARIO.png 1584w\" sizes=\"auto, (max-width: 1024px) 100vw, 1024px\" \/><\/figure>\n<\/div>","protected":false},"excerpt":{"rendered":"<p>AS NOSSAS AULAS AVULSAS ACONTECEM \u00c0S SEXTAS, DAS 19H \u00c0S 20H.ELAS T\u00caM 1H DE DURA\u00c7\u00c3O E S\u00c3O ESTRUTURADAS COM COME\u00c7O, MEIO E FIM. Nela, dan\u00e7amos um trechinho daquela m\u00fasica pop que com certeza faz parte da sua playlist e temos um gostinho do que \u00e9 ser uma diva pop&#8230; Mas quanto custa a aula?R$65 (pix) [&hellip;]<\/p>\n","protected":false},"author":1,"featured_media":0,"parent":0,"menu_order":0,"comment_status":"closed","ping_status":"closed","template":"","meta":{"footnotes":""},"class_list":["post-86","page","type-page","status-publish","hentry","entry"],"yoast_head":"<!-- This site is optimized with the Yoast SEO plugin v22.8 - https:\/\/yoast.com\/wordpress\/plugins\/seo\/ -->\n<title>AULAS AVULSAS - MALDIVAS<\/title>\n<meta name=\"description\" content=\"SEMPRE QUIS DAN\u00c7AR COMO SE ESTIVESSE NOS CLIPES DE M\u00daSICAS POP DA MTV?! ENT\u00c3O ENCONTROU A AULA CERTA PRA VOC\u00ca!\" \/>\n<meta name=\"robots\" content=\"index, follow, max-snippet:-1, max-image-preview:large, max-video-preview:-1\" \/>\n<link rel=\"canonical\" href=\"http:\/\/dancenamaldivas.com.br\/?page_id=86\" \/>\n<meta property=\"og:locale\" content=\"en_US\" \/>\n<meta property=\"og:type\" content=\"article\" \/>\n<meta property=\"og:title\" content=\"AULAS AVULSAS - MALDIVAS\" \/>\n<meta property=\"og:description\" content=\"SEMPRE QUIS DAN\u00c7AR COMO SE ESTIVESSE NOS CLIPES DE M\u00daSICAS POP DA MTV?! ENT\u00c3O ENCONTROU A AULA CERTA PRA VOC\u00ca!\" \/>\n<meta property=\"og:url\" content=\"http:\/\/dancenamaldivas.com.br\/?page_id=86\" \/>\n<meta property=\"og:site_name\" content=\"MALDIVAS\" \/>\n<meta property=\"article:modified_time\" content=\"2026-05-01T11:19:27+00:00\" \/>\n<meta property=\"og:image\" content=\"https:\/\/dancenamaldivas.com.br\/wp-content\/uploads\/2026\/05\/TOPO-FORMULARIO-1024x256.png\" \/>\n<meta name=\"twitter:card\" content=\"summary_large_image\" \/>\n<meta name=\"twitter:label1\" content=\"Est. reading time\" \/>\n\t<meta name=\"twitter:data1\" content=\"1 minute\" \/>\n<script type=\"application\/ld+json\" class=\"yoast-schema-graph\">{\"@context\":\"https:\/\/schema.org\",\"@graph\":[{\"@type\":\"WebPage\",\"@id\":\"http:\/\/dancenamaldivas.com.br\/?page_id=86\",\"url\":\"http:\/\/dancenamaldivas.com.br\/?page_id=86\",\"name\":\"AULAS AVULSAS - MALDIVAS\",\"isPartOf\":{\"@id\":\"https:\/\/dancenamaldivas.com.br\/#website\"},\"primaryImageOfPage\":{\"@id\":\"http:\/\/dancenamaldivas.com.br\/?page_id=86#primaryimage\"},\"image\":{\"@id\":\"http:\/\/dancenamaldivas.com.br\/?page_id=86#primaryimage\"},\"thumbnailUrl\":\"https:\/\/dancenamaldivas.com.br\/wp-content\/uploads\/2026\/05\/TOPO-FORMULARIO-1024x256.png\",\"datePublished\":\"2025-08-07T13:48:45+00:00\",\"dateModified\":\"2026-05-01T11:19:27+00:00\",\"description\":\"SEMPRE QUIS DAN\u00c7AR COMO SE ESTIVESSE NOS CLIPES DE M\u00daSICAS POP DA MTV?! ENT\u00c3O ENCONTROU A AULA CERTA PRA VOC\u00ca!\",\"breadcrumb\":{\"@id\":\"http:\/\/dancenamaldivas.com.br\/?page_id=86#breadcrumb\"},\"inLanguage\":\"en-US\",\"potentialAction\":[{\"@type\":\"ReadAction\",\"target\":[\"http:\/\/dancenamaldivas.com.br\/?page_id=86\"]}]},{\"@type\":\"ImageObject\",\"inLanguage\":\"en-US\",\"@id\":\"http:\/\/dancenamaldivas.com.br\/?page_id=86#primaryimage\",\"url\":\"http:\/\/dancenamaldivas.com.br\/wp-content\/uploads\/2026\/05\/TOPO-FORMULARIO.png\",\"contentUrl\":\"http:\/\/dancenamaldivas.com.br\/wp-content\/uploads\/2026\/05\/TOPO-FORMULARIO.png\",\"width\":1584,\"height\":396},{\"@type\":\"BreadcrumbList\",\"@id\":\"http:\/\/dancenamaldivas.com.br\/?page_id=86#breadcrumb\",\"itemListElement\":[{\"@type\":\"ListItem\",\"position\":1,\"name\":\"Home\",\"item\":\"https:\/\/dancenamaldivas.com.br\/\"},{\"@type\":\"ListItem\",\"position\":2,\"name\":\"AULAS AVULSAS\"}]},{\"@type\":\"WebSite\",\"@id\":\"https:\/\/dancenamaldivas.com.br\/#website\",\"url\":\"https:\/\/dancenamaldivas.com.br\/\",\"name\":\"Maldivas Escola de Dan\u00e7a\",\"description\":\"A casa do pop. O lar dos iniciantes.\",\"publisher\":{\"@id\":\"https:\/\/dancenamaldivas.com.br\/#organization\"},\"potentialAction\":[{\"@type\":\"SearchAction\",\"target\":{\"@type\":\"EntryPoint\",\"urlTemplate\":\"https:\/\/dancenamaldivas.com.br\/?s={search_term_string}\"},\"query-input\":\"required name=search_term_string\"}],\"inLanguage\":\"en-US\"},{\"@type\":\"Organization\",\"@id\":\"https:\/\/dancenamaldivas.com.br\/#organization\",\"name\":\"Maldivas\",\"url\":\"https:\/\/dancenamaldivas.com.br\/\",\"logo\":{\"@type\":\"ImageObject\",\"inLanguage\":\"en-US\",\"@id\":\"https:\/\/dancenamaldivas.com.br\/#\/schema\/logo\/image\/\",\"url\":\"http:\/\/dancenamaldivas.com.br\/wp-content\/uploads\/2025\/08\/1.png\",\"contentUrl\":\"http:\/\/dancenamaldivas.com.br\/wp-content\/uploads\/2025\/08\/1.png\",\"width\":1000,\"height\":1000,\"caption\":\"Maldivas\"},\"image\":{\"@id\":\"https:\/\/dancenamaldivas.com.br\/#\/schema\/logo\/image\/\"},\"sameAs\":[\"https:\/\/www.instagram.com\/dancenamaldivas\/\"]}]}<\/script>\n<!-- \/ Yoast SEO plugin. -->","yoast_head_json":{"title":"AULAS AVULSAS - MALDIVAS","description":"SEMPRE QUIS DAN\u00c7AR COMO SE ESTIVESSE NOS CLIPES DE M\u00daSICAS POP DA MTV?! ENT\u00c3O ENCONTROU A AULA CERTA PRA VOC\u00ca!","robots":{"index":"index","follow":"follow","max-snippet":"max-snippet:-1","max-image-preview":"max-image-preview:large","max-video-preview":"max-video-preview:-1"},"canonical":"http:\/\/dancenamaldivas.com.br\/?page_id=86","og_locale":"en_US","og_type":"article","og_title":"AULAS AVULSAS - MALDIVAS","og_description":"SEMPRE QUIS DAN\u00c7AR COMO SE ESTIVESSE NOS CLIPES DE M\u00daSICAS POP DA MTV?! ENT\u00c3O ENCONTROU A AULA CERTA PRA VOC\u00ca!","og_url":"http:\/\/dancenamaldivas.com.br\/?page_id=86","og_site_name":"MALDIVAS","article_modified_time":"2026-05-01T11:19:27+00:00","og_image":[{"url":"https:\/\/dancenamaldivas.com.br\/wp-content\/uploads\/2026\/05\/TOPO-FORMULARIO-1024x256.png"}],"twitter_card":"summary_large_image","twitter_misc":{"Est. reading time":"1 minute"},"schema":{"@context":"https:\/\/schema.org","@graph":[{"@type":"WebPage","@id":"http:\/\/dancenamaldivas.com.br\/?page_id=86","url":"http:\/\/dancenamaldivas.com.br\/?page_id=86","name":"AULAS AVULSAS - MALDIVAS","isPartOf":{"@id":"https:\/\/dancenamaldivas.com.br\/#website"},"primaryImageOfPage":{"@id":"http:\/\/dancenamaldivas.com.br\/?page_id=86#primaryimage"},"image":{"@id":"http:\/\/dancenamaldivas.com.br\/?page_id=86#primaryimage"},"thumbnailUrl":"https:\/\/dancenamaldivas.com.br\/wp-content\/uploads\/2026\/05\/TOPO-FORMULARIO-1024x256.png","datePublished":"2025-08-07T13:48:45+00:00","dateModified":"2026-05-01T11:19:27+00:00","description":"SEMPRE QUIS DAN\u00c7AR COMO SE ESTIVESSE NOS CLIPES DE M\u00daSICAS POP DA MTV?! ENT\u00c3O ENCONTROU A AULA CERTA PRA VOC\u00ca!","breadcrumb":{"@id":"http:\/\/dancenamaldivas.com.br\/?page_id=86#breadcrumb"},"inLanguage":"en-US","potentialAction":[{"@type":"ReadAction","target":["http:\/\/dancenamaldivas.com.br\/?page_id=86"]}]},{"@type":"ImageObject","inLanguage":"en-US","@id":"http:\/\/dancenamaldivas.com.br\/?page_id=86#primaryimage","url":"http:\/\/dancenamaldivas.com.br\/wp-content\/uploads\/2026\/05\/TOPO-FORMULARIO.png","contentUrl":"http:\/\/dancenamaldivas.com.br\/wp-content\/uploads\/2026\/05\/TOPO-FORMULARIO.png","width":1584,"height":396},{"@type":"BreadcrumbList","@id":"http:\/\/dancenamaldivas.com.br\/?page_id=86#breadcrumb","itemListElement":[{"@type":"ListItem","position":1,"name":"Home","item":"https:\/\/dancenamaldivas.com.br\/"},{"@type":"ListItem","position":2,"name":"AULAS AVULSAS"}]},{"@type":"WebSite","@id":"https:\/\/dancenamaldivas.com.br\/#website","url":"https:\/\/dancenamaldivas.com.br\/","name":"Maldivas Escola de Dan\u00e7a","description":"A casa do pop. O lar dos iniciantes.","publisher":{"@id":"https:\/\/dancenamaldivas.com.br\/#organization"},"potentialAction":[{"@type":"SearchAction","target":{"@type":"EntryPoint","urlTemplate":"https:\/\/dancenamaldivas.com.br\/?s={search_term_string}"},"query-input":"required name=search_term_string"}],"inLanguage":"en-US"},{"@type":"Organization","@id":"https:\/\/dancenamaldivas.com.br\/#organization","name":"Maldivas","url":"https:\/\/dancenamaldivas.com.br\/","logo":{"@type":"ImageObject","inLanguage":"en-US","@id":"https:\/\/dancenamaldivas.com.br\/#\/schema\/logo\/image\/","url":"http:\/\/dancenamaldivas.com.br\/wp-content\/uploads\/2025\/08\/1.png","contentUrl":"http:\/\/dancenamaldivas.com.br\/wp-content\/uploads\/2025\/08\/1.png","width":1000,"height":1000,"caption":"Maldivas"},"image":{"@id":"https:\/\/dancenamaldivas.com.br\/#\/schema\/logo\/image\/"},"sameAs":["https:\/\/www.instagram.com\/dancenamaldivas\/"]}]}},"_links":{"self":[{"href":"http:\/\/dancenamaldivas.com.br\/index.php?rest_route=\/wp\/v2\/pages\/86","targetHints":{"allow":["GET"]}}],"collection":[{"href":"http:\/\/dancenamaldivas.com.br\/index.php?rest_route=\/wp\/v2\/pages"}],"about":[{"href":"http:\/\/dancenamaldivas.com.br\/index.php?rest_route=\/wp\/v2\/types\/page"}],"author":[{"embeddable":true,"href":"http:\/\/dancenamaldivas.com.br\/index.php?rest_route=\/wp\/v2\/users\/1"}],"replies":[{"embeddable":true,"href":"http:\/\/dancenamaldivas.com.br\/index.php?rest_route=%2Fwp%2Fv2%2Fcomments&post=86"}],"version-history":[{"count":15,"href":"http:\/\/dancenamaldivas.com.br\/index.php?rest_route=\/wp\/v2\/pages\/86\/revisions"}],"predecessor-version":[{"id":468,"href":"http:\/\/dancenamaldivas.com.br\/index.php?rest_route=\/wp\/v2\/pages\/86\/revisions\/468"}],"wp:attachment":[{"href":"http:\/\/dancenamaldivas.com.br\/index.php?rest_route=%2Fwp%2Fv2%2Fmedia&parent=86"}],"curies":[{"name":"wp","href":"https:\/\/api.w.org\/{rel}","templated":true}]}}