{"id":61,"date":"2025-08-07T10:19:26","date_gmt":"2025-08-07T13:19:26","guid":{"rendered":"https:\/\/dancenamaldivas.com.br\/?page_id=61"},"modified":"2025-08-10T21:42:51","modified_gmt":"2025-08-11T00:42:51","slug":"escola-de-danca-para-iniciantes-aula-de-danca-iniciante","status":"publish","type":"page","link":"https:\/\/dancenamaldivas.com.br\/?page_id=61","title":{"rendered":"NOSSA HIST\u00d3RIA"},"content":{"rendered":"\n<figure class=\"wp-block-image size-large\"><img loading=\"lazy\" decoding=\"async\" width=\"1024\" height=\"576\" src=\"http:\/\/dancenamaldivas.com.br\/wp-content\/uploads\/2025\/08\/1-1-1024x576.png\" alt=\"escola de dan\u00e7a aula de dan\u00e7a escola de dan\u00e7a para iniciantes aulas de dan\u00e7a para iniciantes aula de dan\u00e7a para iniciantes\" class=\"wp-image-62\" srcset=\"https:\/\/dancenamaldivas.com.br\/wp-content\/uploads\/2025\/08\/1-1-1024x576.png 1024w, https:\/\/dancenamaldivas.com.br\/wp-content\/uploads\/2025\/08\/1-1-300x169.png 300w, https:\/\/dancenamaldivas.com.br\/wp-content\/uploads\/2025\/08\/1-1-768x432.png 768w, https:\/\/dancenamaldivas.com.br\/wp-content\/uploads\/2025\/08\/1-1-1536x864.png 1536w, https:\/\/dancenamaldivas.com.br\/wp-content\/uploads\/2025\/08\/1-1-800x450.png 800w, https:\/\/dancenamaldivas.com.br\/wp-content\/uploads\/2025\/08\/1-1.png 1920w\" sizes=\"auto, (max-width: 1024px) 100vw, 1024px\" \/><\/figure>\n\n\n\n<p><strong>A HIST\u00d3RIA DA MALDIVAS<br><\/strong>Nascemos da pr\u00f3pria sala de aula de dan\u00e7a. A ideia surgiu de uma piada interna entre amigos e acabou se tornando a realiza\u00e7\u00e3o de um sonho. N\u00f3s tr\u00eas, os fundadores Daisy, Marina e Willians nos conhecemos fazendo aulas de dan\u00e7as urbanas, e depois de muitos ensaios e perrengues decidimos que talvez havia chegado a hora de&#8230; abrir uma escola de dan\u00e7a?!<br><br>A ideia foi concebida em julho de 2023, mas foi s\u00f3 em mar\u00e7o de 2024 que aconteceu o primeiro Camp. O per\u00edodo at\u00e9 a estreia foi preenchido exclusivamente com pesquisas de mercado e de campo, planejamento estrat\u00e9gico, estrutura\u00e7\u00e3o de conceitos e organiza\u00e7\u00e3o daquela que se tornaria uma marca voltada principalmente para os Millenials f\u00e3s de m\u00fasica pop.<br><br>E depois da estreia, que s\u00f3 aconteceu gra\u00e7as ao apoio de amigas querid\u00edssimas e uma completa desconhecida que se convenceu a embarcar nessa loucurinha (Dai, voc\u00ea jamais ser\u00e1 esquecida), outras dezenas de edi\u00e7\u00f5es aconteceram. Muito se aprimorou e se aprendeu no caminho at\u00e9 chegar o momento do passo seguinte: as aulas regulares.<br><br>Mas, como tudo na Maldivas, isso pedia um conceito e o que chamamos de \u201ctempero maldivense\u201d. E foi em mar\u00e7o de 2025, que nasceu a Mar\u00e9, nosso curso de dan\u00e7a para iniciantes, focado em oferecer a quem sempre quis dan\u00e7ar as ferramentas necess\u00e1rias pra encarar quaisquer modalidades.<\/p>\n\n\n\n<p><a href=\"http:\/\/dancenamaldivas.com.br\/?page_id=51\"><strong>Conhe\u00e7a cada uma das nossas experi\u00eancias de dan\u00e7a.<\/strong><\/a><\/p>\n\n\n\n<p><strong><a href=\"https:\/\/www.instagram.com\/dancenamaldivas\/\">Acompanhe o nosso dia a dia e todas as novidades l\u00e1 no perfil oficial da Maldivas no Instagram.<\/a><\/strong><br><br><\/p>\n\n\n\n<figure class=\"wp-block-image size-large\"><img loading=\"lazy\" decoding=\"async\" width=\"1024\" height=\"576\" src=\"http:\/\/dancenamaldivas.com.br\/wp-content\/uploads\/2025\/08\/rodape-QUEM-SOMOS-1024x576.png\" alt=\"Aula de dan\u00e7a para iniciante Escola de dan\u00e7a para iniciante Aulas de dan\u00e7a para iniciante Aula de dan\u00e7a para iniciantes\" class=\"wp-image-186\" srcset=\"https:\/\/dancenamaldivas.com.br\/wp-content\/uploads\/2025\/08\/rodape-QUEM-SOMOS-1024x576.png 1024w, https:\/\/dancenamaldivas.com.br\/wp-content\/uploads\/2025\/08\/rodape-QUEM-SOMOS-300x169.png 300w, https:\/\/dancenamaldivas.com.br\/wp-content\/uploads\/2025\/08\/rodape-QUEM-SOMOS-768x432.png 768w, https:\/\/dancenamaldivas.com.br\/wp-content\/uploads\/2025\/08\/rodape-QUEM-SOMOS-1536x864.png 1536w, https:\/\/dancenamaldivas.com.br\/wp-content\/uploads\/2025\/08\/rodape-QUEM-SOMOS-800x450.png 800w, https:\/\/dancenamaldivas.com.br\/wp-content\/uploads\/2025\/08\/rodape-QUEM-SOMOS.png 1920w\" sizes=\"auto, (max-width: 1024px) 100vw, 1024px\" \/><\/figure>\n","protected":false},"excerpt":{"rendered":"<p>A HIST\u00d3RIA DA MALDIVASNascemos da pr\u00f3pria sala de aula de dan\u00e7a. A ideia surgiu de uma piada interna entre amigos e acabou se tornando a realiza\u00e7\u00e3o de um sonho. N\u00f3s tr\u00eas, os fundadores Daisy, Marina e Willians nos conhecemos fazendo aulas de dan\u00e7as urbanas, e depois de muitos ensaios e perrengues decidimos que talvez havia [&hellip;]<\/p>\n","protected":false},"author":1,"featured_media":62,"parent":0,"menu_order":0,"comment_status":"closed","ping_status":"closed","template":"","meta":{"footnotes":""},"class_list":["post-61","page","type-page","status-publish","has-post-thumbnail","hentry","entry","has-media"],"yoast_head":"<!-- This site is optimized with the Yoast SEO plugin v22.8 - https:\/\/yoast.com\/wordpress\/plugins\/seo\/ -->\n<title>Escola de dan\u00e7a para iniciantes<\/title>\n<meta name=\"description\" content=\"Nascemos da pr\u00f3pria sala de aula de dan\u00e7a. A ideia surgiu de uma piada interna entre amigos e acabou se tornando a realiza\u00e7\u00e3o de um sonho\" \/>\n<meta name=\"robots\" content=\"index, follow, max-snippet:-1, max-image-preview:large, max-video-preview:-1\" \/>\n<link rel=\"canonical\" href=\"https:\/\/dancenamaldivas.com.br\/?page_id=61\" \/>\n<meta property=\"og:locale\" content=\"en_US\" \/>\n<meta property=\"og:type\" content=\"article\" \/>\n<meta property=\"og:title\" content=\"Escola de dan\u00e7a para iniciantes\" \/>\n<meta property=\"og:description\" content=\"Nascemos da pr\u00f3pria sala de aula de dan\u00e7a. A ideia surgiu de uma piada interna entre amigos e acabou se tornando a realiza\u00e7\u00e3o de um sonho\" \/>\n<meta property=\"og:url\" content=\"https:\/\/dancenamaldivas.com.br\/?page_id=61\" \/>\n<meta property=\"og:site_name\" content=\"MALDIVAS\" \/>\n<meta property=\"article:modified_time\" content=\"2025-08-11T00:42:51+00:00\" \/>\n<meta property=\"og:image\" content=\"https:\/\/dancenamaldivas.com.br\/wp-content\/uploads\/2025\/08\/1-1.png\" \/>\n\t<meta property=\"og:image:width\" content=\"1920\" \/>\n\t<meta property=\"og:image:height\" content=\"1080\" \/>\n\t<meta property=\"og:image:type\" content=\"image\/png\" \/>\n<meta name=\"twitter:card\" content=\"summary_large_image\" \/>\n<meta name=\"twitter:label1\" content=\"Est. reading time\" \/>\n\t<meta name=\"twitter:data1\" content=\"2 minutes\" \/>\n<script type=\"application\/ld+json\" class=\"yoast-schema-graph\">{\"@context\":\"https:\/\/schema.org\",\"@graph\":[{\"@type\":\"WebPage\",\"@id\":\"https:\/\/dancenamaldivas.com.br\/?page_id=61\",\"url\":\"https:\/\/dancenamaldivas.com.br\/?page_id=61\",\"name\":\"Escola de dan\u00e7a para iniciantes\",\"isPartOf\":{\"@id\":\"https:\/\/dancenamaldivas.com.br\/#website\"},\"primaryImageOfPage\":{\"@id\":\"https:\/\/dancenamaldivas.com.br\/?page_id=61#primaryimage\"},\"image\":{\"@id\":\"https:\/\/dancenamaldivas.com.br\/?page_id=61#primaryimage\"},\"thumbnailUrl\":\"https:\/\/dancenamaldivas.com.br\/wp-content\/uploads\/2025\/08\/1-1.png\",\"datePublished\":\"2025-08-07T13:19:26+00:00\",\"dateModified\":\"2025-08-11T00:42:51+00:00\",\"description\":\"Nascemos da pr\u00f3pria sala de aula de dan\u00e7a. A ideia surgiu de uma piada interna entre amigos e acabou se tornando a realiza\u00e7\u00e3o de um sonho\",\"breadcrumb\":{\"@id\":\"https:\/\/dancenamaldivas.com.br\/?page_id=61#breadcrumb\"},\"inLanguage\":\"en-US\",\"potentialAction\":[{\"@type\":\"ReadAction\",\"target\":[\"https:\/\/dancenamaldivas.com.br\/?page_id=61\"]}]},{\"@type\":\"ImageObject\",\"inLanguage\":\"en-US\",\"@id\":\"https:\/\/dancenamaldivas.com.br\/?page_id=61#primaryimage\",\"url\":\"https:\/\/dancenamaldivas.com.br\/wp-content\/uploads\/2025\/08\/1-1.png\",\"contentUrl\":\"https:\/\/dancenamaldivas.com.br\/wp-content\/uploads\/2025\/08\/1-1.png\",\"width\":1920,\"height\":1080,\"caption\":\"Aula de dan\u00e7a para iniciante Escola de dan\u00e7a para iniciante Aulas de dan\u00e7a para iniciante Aula de dan\u00e7a para iniciantes\"},{\"@type\":\"BreadcrumbList\",\"@id\":\"https:\/\/dancenamaldivas.com.br\/?page_id=61#breadcrumb\",\"itemListElement\":[{\"@type\":\"ListItem\",\"position\":1,\"name\":\"Home\",\"item\":\"https:\/\/dancenamaldivas.com.br\/\"},{\"@type\":\"ListItem\",\"position\":2,\"name\":\"NOSSA HIST\u00d3RIA\"}]},{\"@type\":\"WebSite\",\"@id\":\"https:\/\/dancenamaldivas.com.br\/#website\",\"url\":\"https:\/\/dancenamaldivas.com.br\/\",\"name\":\"Maldivas Escola de Dan\u00e7a\",\"description\":\"A casa do pop. O lar dos iniciantes.\",\"publisher\":{\"@id\":\"https:\/\/dancenamaldivas.com.br\/#organization\"},\"potentialAction\":[{\"@type\":\"SearchAction\",\"target\":{\"@type\":\"EntryPoint\",\"urlTemplate\":\"https:\/\/dancenamaldivas.com.br\/?s={search_term_string}\"},\"query-input\":\"required name=search_term_string\"}],\"inLanguage\":\"en-US\"},{\"@type\":\"Organization\",\"@id\":\"https:\/\/dancenamaldivas.com.br\/#organization\",\"name\":\"Maldivas\",\"url\":\"https:\/\/dancenamaldivas.com.br\/\",\"logo\":{\"@type\":\"ImageObject\",\"inLanguage\":\"en-US\",\"@id\":\"https:\/\/dancenamaldivas.com.br\/#\/schema\/logo\/image\/\",\"url\":\"http:\/\/dancenamaldivas.com.br\/wp-content\/uploads\/2025\/08\/1.png\",\"contentUrl\":\"http:\/\/dancenamaldivas.com.br\/wp-content\/uploads\/2025\/08\/1.png\",\"width\":1000,\"height\":1000,\"caption\":\"Maldivas\"},\"image\":{\"@id\":\"https:\/\/dancenamaldivas.com.br\/#\/schema\/logo\/image\/\"},\"sameAs\":[\"https:\/\/www.instagram.com\/dancenamaldivas\/\"]}]}<\/script>\n<!-- \/ Yoast SEO plugin. -->","yoast_head_json":{"title":"Escola de dan\u00e7a para iniciantes","description":"Nascemos da pr\u00f3pria sala de aula de dan\u00e7a. A ideia surgiu de uma piada interna entre amigos e acabou se tornando a realiza\u00e7\u00e3o de um sonho","robots":{"index":"index","follow":"follow","max-snippet":"max-snippet:-1","max-image-preview":"max-image-preview:large","max-video-preview":"max-video-preview:-1"},"canonical":"https:\/\/dancenamaldivas.com.br\/?page_id=61","og_locale":"en_US","og_type":"article","og_title":"Escola de dan\u00e7a para iniciantes","og_description":"Nascemos da pr\u00f3pria sala de aula de dan\u00e7a. A ideia surgiu de uma piada interna entre amigos e acabou se tornando a realiza\u00e7\u00e3o de um sonho","og_url":"https:\/\/dancenamaldivas.com.br\/?page_id=61","og_site_name":"MALDIVAS","article_modified_time":"2025-08-11T00:42:51+00:00","og_image":[{"width":1920,"height":1080,"url":"https:\/\/dancenamaldivas.com.br\/wp-content\/uploads\/2025\/08\/1-1.png","type":"image\/png"}],"twitter_card":"summary_large_image","twitter_misc":{"Est. reading time":"2 minutes"},"schema":{"@context":"https:\/\/schema.org","@graph":[{"@type":"WebPage","@id":"https:\/\/dancenamaldivas.com.br\/?page_id=61","url":"https:\/\/dancenamaldivas.com.br\/?page_id=61","name":"Escola de dan\u00e7a para iniciantes","isPartOf":{"@id":"https:\/\/dancenamaldivas.com.br\/#website"},"primaryImageOfPage":{"@id":"https:\/\/dancenamaldivas.com.br\/?page_id=61#primaryimage"},"image":{"@id":"https:\/\/dancenamaldivas.com.br\/?page_id=61#primaryimage"},"thumbnailUrl":"https:\/\/dancenamaldivas.com.br\/wp-content\/uploads\/2025\/08\/1-1.png","datePublished":"2025-08-07T13:19:26+00:00","dateModified":"2025-08-11T00:42:51+00:00","description":"Nascemos da pr\u00f3pria sala de aula de dan\u00e7a. A ideia surgiu de uma piada interna entre amigos e acabou se tornando a realiza\u00e7\u00e3o de um sonho","breadcrumb":{"@id":"https:\/\/dancenamaldivas.com.br\/?page_id=61#breadcrumb"},"inLanguage":"en-US","potentialAction":[{"@type":"ReadAction","target":["https:\/\/dancenamaldivas.com.br\/?page_id=61"]}]},{"@type":"ImageObject","inLanguage":"en-US","@id":"https:\/\/dancenamaldivas.com.br\/?page_id=61#primaryimage","url":"https:\/\/dancenamaldivas.com.br\/wp-content\/uploads\/2025\/08\/1-1.png","contentUrl":"https:\/\/dancenamaldivas.com.br\/wp-content\/uploads\/2025\/08\/1-1.png","width":1920,"height":1080,"caption":"Aula de dan\u00e7a para iniciante Escola de dan\u00e7a para iniciante Aulas de dan\u00e7a para iniciante Aula de dan\u00e7a para iniciantes"},{"@type":"BreadcrumbList","@id":"https:\/\/dancenamaldivas.com.br\/?page_id=61#breadcrumb","itemListElement":[{"@type":"ListItem","position":1,"name":"Home","item":"https:\/\/dancenamaldivas.com.br\/"},{"@type":"ListItem","position":2,"name":"NOSSA HIST\u00d3RIA"}]},{"@type":"WebSite","@id":"https:\/\/dancenamaldivas.com.br\/#website","url":"https:\/\/dancenamaldivas.com.br\/","name":"Maldivas Escola de Dan\u00e7a","description":"A casa do pop. O lar dos iniciantes.","publisher":{"@id":"https:\/\/dancenamaldivas.com.br\/#organization"},"potentialAction":[{"@type":"SearchAction","target":{"@type":"EntryPoint","urlTemplate":"https:\/\/dancenamaldivas.com.br\/?s={search_term_string}"},"query-input":"required name=search_term_string"}],"inLanguage":"en-US"},{"@type":"Organization","@id":"https:\/\/dancenamaldivas.com.br\/#organization","name":"Maldivas","url":"https:\/\/dancenamaldivas.com.br\/","logo":{"@type":"ImageObject","inLanguage":"en-US","@id":"https:\/\/dancenamaldivas.com.br\/#\/schema\/logo\/image\/","url":"http:\/\/dancenamaldivas.com.br\/wp-content\/uploads\/2025\/08\/1.png","contentUrl":"http:\/\/dancenamaldivas.com.br\/wp-content\/uploads\/2025\/08\/1.png","width":1000,"height":1000,"caption":"Maldivas"},"image":{"@id":"https:\/\/dancenamaldivas.com.br\/#\/schema\/logo\/image\/"},"sameAs":["https:\/\/www.instagram.com\/dancenamaldivas\/"]}]}},"_links":{"self":[{"href":"https:\/\/dancenamaldivas.com.br\/index.php?rest_route=\/wp\/v2\/pages\/61","targetHints":{"allow":["GET"]}}],"collection":[{"href":"https:\/\/dancenamaldivas.com.br\/index.php?rest_route=\/wp\/v2\/pages"}],"about":[{"href":"https:\/\/dancenamaldivas.com.br\/index.php?rest_route=\/wp\/v2\/types\/page"}],"author":[{"embeddable":true,"href":"https:\/\/dancenamaldivas.com.br\/index.php?rest_route=\/wp\/v2\/users\/1"}],"replies":[{"embeddable":true,"href":"https:\/\/dancenamaldivas.com.br\/index.php?rest_route=%2Fwp%2Fv2%2Fcomments&post=61"}],"version-history":[{"count":8,"href":"https:\/\/dancenamaldivas.com.br\/index.php?rest_route=\/wp\/v2\/pages\/61\/revisions"}],"predecessor-version":[{"id":188,"href":"https:\/\/dancenamaldivas.com.br\/index.php?rest_route=\/wp\/v2\/pages\/61\/revisions\/188"}],"wp:featuredmedia":[{"embeddable":true,"href":"https:\/\/dancenamaldivas.com.br\/index.php?rest_route=\/wp\/v2\/media\/62"}],"wp:attachment":[{"href":"https:\/\/dancenamaldivas.com.br\/index.php?rest_route=%2Fwp%2Fv2%2Fmedia&parent=61"}],"curies":[{"name":"wp","href":"https:\/\/api.w.org\/{rel}","templated":true}]}}